{"id":3843,"date":"2023-11-20T19:56:37","date_gmt":"2023-11-20T19:56:37","guid":{"rendered":"https:\/\/enkel.fi\/tietosuojakaytanto\/"},"modified":"2024-04-25T07:47:40","modified_gmt":"2024-04-25T07:47:40","slug":"integritetspolicy","status":"publish","type":"page","link":"https:\/\/enkel.fi\/sv\/integritetspolicy\/","title":{"rendered":"Integritetspolicy"},"content":{"rendered":"\n<h2 class=\"wp-block-heading\"><\/h2>\n\n\n<style>.kb-row-layout-id3843_c2cb63-96 > .kt-row-column-wrap{align-content:start;}:where(.kb-row-layout-id3843_c2cb63-96 > .kt-row-column-wrap) > .wp-block-kadence-column{justify-content:start;}.kb-row-layout-id3843_c2cb63-96 > .kt-row-column-wrap{column-gap:var(--global-kb-gap-md, 2rem);row-gap:var(--global-kb-gap-md, 2rem);max-width:var( --global-content-width, 1290px );padding-left:var(--global-content-edge-padding);padding-right:var(--global-content-edge-padding);padding-top:var(--global-kb-spacing-sm, 1.5rem);padding-bottom:var(--global-kb-spacing-sm, 1.5rem);grid-template-columns:minmax(0, 1fr);}.kb-row-layout-id3843_c2cb63-96 > .kt-row-layout-overlay{opacity:0.30;}@media all and (max-width: 1024px){.kb-row-layout-id3843_c2cb63-96 > .kt-row-column-wrap{grid-template-columns:minmax(0, 1fr);}}@media all and (max-width: 767px){.kb-row-layout-id3843_c2cb63-96 > .kt-row-column-wrap{grid-template-columns:minmax(0, 1fr);}}<\/style><div class=\"kb-row-layout-wrap kb-row-layout-id3843_c2cb63-96 alignnone wp-block-kadence-rowlayout\"><div class=\"kt-row-column-wrap kt-has-1-columns kt-row-layout-equal kt-tab-layout-inherit kt-mobile-layout-row kt-row-valign-top kb-theme-content-width\">\n<style>.kadence-column3843_fcb004-81 > .kt-inside-inner-col,.kadence-column3843_fcb004-81 > .kt-inside-inner-col:before{border-top-left-radius:0px;border-top-right-radius:0px;border-bottom-right-radius:0px;border-bottom-left-radius:0px;}.kadence-column3843_fcb004-81 > .kt-inside-inner-col{column-gap:var(--global-kb-gap-sm, 1rem);}.kadence-column3843_fcb004-81 > .kt-inside-inner-col{flex-direction:column;}.kadence-column3843_fcb004-81 > .kt-inside-inner-col > .aligncenter{width:100%;}.kadence-column3843_fcb004-81 > .kt-inside-inner-col:before{opacity:0.3;}.kadence-column3843_fcb004-81{position:relative;}@media all and (max-width: 1024px){.kadence-column3843_fcb004-81 > .kt-inside-inner-col{flex-direction:column;justify-content:center;}}@media all and (max-width: 767px){.kadence-column3843_fcb004-81 > .kt-inside-inner-col{flex-direction:column;justify-content:center;}}<\/style>\n<div class=\"wp-block-kadence-column kadence-column3843_fcb004-81\"><div class=\"kt-inside-inner-col\">\n<ol class=\"wp-block-list\">\n<li><strong>Personuppgiftsansvarig<\/strong><\/li>\n<\/ol>\n\n\n\n<p>Enkel Ab, Adress K\u00f6pmansgatan 16, 68600 JAKOBSTAD<\/p>\n\n\n\n<ol class=\"wp-block-list\" start=\"2\">\n<li><strong>Kontaktperson f\u00f6r registret<\/strong><\/li>\n<\/ol>\n\n\n\n<p>Kaj \u00d6stman, e-post: <a>kaj@enkel.fi<\/a>, tel. <a href=\"tel:+358 44 9834866\">+358 44 9834866<\/a><\/p>\n\n\n\n<ol class=\"wp-block-list\" start=\"3\">\n<li><strong>Registrets namn<\/strong><\/li>\n<\/ol>\n\n\n\n<p>Enkel Ab kundregister<\/p>\n\n\n\n<ol class=\"wp-block-list\" start=\"4\">\n<li><strong>Syfte och grund f\u00f6r anv\u00e4ndning av personuppgifter<\/strong><\/li>\n<\/ol>\n\n\n\n<p>Vi samlar in personuppgifter fr\u00e5n anv\u00e4ndare av v\u00e5r webbplats f\u00f6r vissa nedan beskrivna aktiviteter. Genom att anv\u00e4nda v\u00e5r webbplats och l\u00e4mna information via kontaktformul\u00e4ren godk\u00e4nner du v\u00e5r integritetspolicy.<\/p>\n\n\n\n<p>Vi anv\u00e4nder cookies f\u00f6r att f\u00f6rb\u00e4ttra din anv\u00e4ndarupplevelse, men du kan v\u00e4lja att inte acceptera dem. Om du inte accepterar cookies kan vissa funktioner p\u00e5 webbplatsen vara begr\u00e4nsade.<\/p>\n\n\n\n<p>Information som samlats in via kontaktformul\u00e4r delas inte med tredje part, utan hanteras endast av f\u00f6retagets ansvariga person och utvalda individer f\u00f6r marknadsf\u00f6ring och kundrelationshantering. De har r\u00e4tt att bearbeta och vid behov uppdatera delad information. Vi anv\u00e4nder ocks\u00e5 Google reCAPTCHA f\u00f6r att f\u00f6rhindra spam fr\u00e5n robotar.<\/p>\n\n\n\n<p>Vi anv\u00e4nder HTTPS-anslutning f\u00f6r att kryptera information som \u00f6verf\u00f6rs mellan webbplatsen och bes\u00f6karens webbl\u00e4sare. Detta s\u00e4kerst\u00e4ller att informationen inte kan l\u00e4sas av obeh\u00f6riga.<\/p>\n\n\n\n<ol class=\"wp-block-list\" start=\"5\">\n<li><strong>Registrets inneh\u00e5ll<\/strong><\/li>\n<\/ol>\n\n\n\n<p>Vi anv\u00e4nder Google Analytics f\u00f6r att samla in anonym statistik om v\u00e5ra bes\u00f6kare, vilket inte inneh\u00e5ller personligt identifierbar information.<\/p>\n\n\n\n<p>Via kontaktformul\u00e4r lagrar vi information som anv\u00e4ndaren har l\u00e4mnat, s\u00e5som namn, adress, telefonnummer och e-postadress. Informationen lagras p\u00e5 f\u00f6retagets webbplats samt eventuellt i f\u00f6retagets interna kundregister enligt g\u00e4llande lagar f\u00f6r behandling av personuppgifter.<\/p>\n\n\n\n<ol class=\"wp-block-list\" start=\"6\">\n<li><strong>Informationsk\u00e4llor<\/strong><\/li>\n<\/ol>\n\n\n\n<p>Information samlas \u00e4ven in vid prenumeration p\u00e5 nyhetsbrev, efter f\u00f6rfr\u00e5gningar, vid anv\u00e4ndning av webbtj\u00e4nster (t.ex. p\u00e5 registerf\u00f6rarens webbplatser och i sociala medier), samt i samband med hantering av cookies eller andra liknande tekniker eller vid deltagande i evenemang.<\/p>\n\n\n\n<p>Information kan ocks\u00e5 uppdateras fr\u00e5n registerf\u00f6rarens andra personregister, partnerf\u00f6retagens personregister samt fr\u00e5n myndigheter och andra f\u00f6retag, om lagen till\u00e5ter det.<\/p>\n\n\n\n<ol class=\"wp-block-list\" start=\"7\">\n<li><strong>Lagring av personuppgifter<\/strong><\/li>\n<\/ol>\n\n\n\n<p>Personuppgifter lagras endast s\u00e5 l\u00e4nge det \u00e4r n\u00f6dv\u00e4ndigt f\u00f6r de \u00e4ndam\u00e5l som definierats i denna registerbeskrivning, med beaktande av lagstadgade begr\u00e4nsningar.<\/p>\n\n\n\n<p>F\u00f6r\u00e5ldrad och on\u00f6dig information f\u00f6rst\u00f6rs p\u00e5 l\u00e4mpligt s\u00e4tt. Personuppgifter lagras i registret i den form som den registrerade har l\u00e4mnat dem och uppdateras enligt den registrerades anm\u00e4lan till registerf\u00f6raren.<\/p>\n\n\n\n<ol class=\"wp-block-list\" start=\"8\">\n<li><strong>Den registrerades r\u00e4ttigheter<\/strong><\/li>\n<\/ol>\n\n\n\n<p>Du har r\u00e4tt att beg\u00e4ra en redog\u00f6relse f\u00f6r vilken information vi har om dig och beg\u00e4ra att denna information raderas.<\/p>\n\n\n\n<p>Vi vidtar \u00e5tg\u00e4rder f\u00f6r att s\u00e4kerst\u00e4lla att insamlad information skyddas p\u00e5 v\u00e5r webbplats och v\u00e5r programvara uppdateras kontinuerligt f\u00f6r att s\u00e4kerst\u00e4lla datas\u00e4kerheten. Trafiken mellan bes\u00f6karens webbl\u00e4sare och v\u00e5r server \u00e4r krypterad f\u00f6r att s\u00e4kerst\u00e4lla att informationen inte hamnar i or\u00e4tta h\u00e4nder.<\/p>\n\n\n\n<ol class=\"wp-block-list\" start=\"9\">\n<li><strong>Anv\u00e4ndarens r\u00e4ttigheter<\/strong><\/li>\n<\/ol>\n\n\n\n<p>Anv\u00e4ndaren har full kontroll \u00f6ver sin information. Detta inneb\u00e4r att han eller hon n\u00e4r som helst har r\u00e4tt att beg\u00e4ra en redog\u00f6relse f\u00f6r vilken information vi har om honom eller henne och beg\u00e4ra att denna information raderas.<\/p>\n\n\n\n<p>Om du vill g\u00f6ra n\u00e5gon av ovanst\u00e5ende f\u00f6rfr\u00e5gningar, v\u00e4nligen kontakta registerf\u00f6raren.<\/p>\n\n\n\n<ol class=\"wp-block-list\" start=\"10\">\n<li><strong>S\u00e5 h\u00e4r skyddar vi dina uppgifter<\/strong><\/li>\n<\/ol>\n\n\n\n<p>Vi har vidtagit n\u00f6dv\u00e4ndiga \u00e5tg\u00e4rder f\u00f6r att s\u00e4kerst\u00e4lla att insamlad information inte hamnar i or\u00e4tta h\u00e4nder. V\u00e5r webbplats programvara uppdateras kontinuerligt f\u00f6r att \u00e5tg\u00e4rda s\u00e4kerhetsproblem som uppst\u00e5r \u00f6ver tid. Trafiken mellan bes\u00f6karens webbl\u00e4sare och v\u00e5r server \u00e4r krypterad.<\/p>\n<\/div><\/div>\n\n<\/div><\/div>","protected":false},"excerpt":{"rendered":"<p>Enkel Ab, Adress K\u00f6pmansgatan 16, 68600 JAKOBSTAD Kaj \u00d6stman, e-post: kaj@enkel.fi, tel. +358 44 9834866 Enkel Ab kundregister Vi samlar in personuppgifter fr\u00e5n anv\u00e4ndare av v\u00e5r webbplats f\u00f6r vissa nedan beskrivna aktiviteter. Genom att anv\u00e4nda v\u00e5r webbplats och l\u00e4mna information via kontaktformul\u00e4ren godk\u00e4nner du v\u00e5r integritetspolicy. Vi anv\u00e4nder cookies f\u00f6r att f\u00f6rb\u00e4ttra din anv\u00e4ndarupplevelse, men&#8230;<\/p>\n","protected":false},"author":1,"featured_media":0,"parent":0,"menu_order":0,"comment_status":"closed","ping_status":"open","template":"","meta":{"_kad_blocks_custom_css":"","_kad_blocks_head_custom_js":"","_kad_blocks_body_custom_js":"","_kad_blocks_footer_custom_js":"","_kadence_starter_templates_imported_post":false,"_kad_post_transparent":"enable","_kad_post_title":"show","_kad_post_layout":"fullwidth","_kad_post_sidebar_id":"","_kad_post_content_style":"unboxed","_kad_post_vertical_padding":"","_kad_post_feature":"","_kad_post_feature_position":"","_kad_post_header":false,"_kad_post_footer":false,"_kad_post_classname":"","footnotes":""},"class_list":["post-3843","page","type-page","status-publish","hentry"],"yoast_head":"<!-- This site is optimized with the Yoast SEO plugin v27.3 - https:\/\/yoast.com\/product\/yoast-seo-wordpress\/ -->\n<title>Integritetspolicy - Enkel<\/title>\n<meta name=\"robots\" content=\"index, follow, max-snippet:-1, max-image-preview:large, max-video-preview:-1\" \/>\n<link rel=\"canonical\" href=\"https:\/\/enkel.fi\/sv\/integritetspolicy\/\" \/>\n<meta property=\"og:locale\" content=\"sv_SE\" \/>\n<meta property=\"og:type\" content=\"article\" \/>\n<meta property=\"og:title\" content=\"Integritetspolicy - Enkel\" \/>\n<meta property=\"og:description\" content=\"Enkel Ab, Adress K\u00f6pmansgatan 16, 68600 JAKOBSTAD Kaj \u00d6stman, e-post: kaj@enkel.fi, tel. +358 44 9834866 Enkel Ab kundregister Vi samlar in personuppgifter fr\u00e5n anv\u00e4ndare av v\u00e5r webbplats f\u00f6r vissa nedan beskrivna aktiviteter. Genom att anv\u00e4nda v\u00e5r webbplats och l\u00e4mna information via kontaktformul\u00e4ren godk\u00e4nner du v\u00e5r integritetspolicy. Vi anv\u00e4nder cookies f\u00f6r att f\u00f6rb\u00e4ttra din anv\u00e4ndarupplevelse, men...\" \/>\n<meta property=\"og:url\" content=\"https:\/\/enkel.fi\/sv\/integritetspolicy\/\" \/>\n<meta property=\"og:site_name\" content=\"Enkel\" \/>\n<meta property=\"article:modified_time\" content=\"2024-04-25T07:47:40+00:00\" \/>\n<meta name=\"twitter:card\" content=\"summary_large_image\" \/>\n<meta name=\"twitter:label1\" content=\"Ber\u00e4knad l\u00e4stid\" \/>\n\t<meta name=\"twitter:data1\" content=\"3 minuter\" \/>\n<script type=\"application\/ld+json\" class=\"yoast-schema-graph\">{\"@context\":\"https:\\\/\\\/schema.org\",\"@graph\":[{\"@type\":\"WebPage\",\"@id\":\"https:\\\/\\\/enkel.fi\\\/sv\\\/integritetspolicy\\\/\",\"url\":\"https:\\\/\\\/enkel.fi\\\/sv\\\/integritetspolicy\\\/\",\"name\":\"Integritetspolicy - Enkel\",\"isPartOf\":{\"@id\":\"https:\\\/\\\/enkel.fi\\\/sv\\\/#website\"},\"datePublished\":\"2023-11-20T19:56:37+00:00\",\"dateModified\":\"2024-04-25T07:47:40+00:00\",\"breadcrumb\":{\"@id\":\"https:\\\/\\\/enkel.fi\\\/sv\\\/integritetspolicy\\\/#breadcrumb\"},\"inLanguage\":\"sv-SE\",\"potentialAction\":[{\"@type\":\"ReadAction\",\"target\":[\"https:\\\/\\\/enkel.fi\\\/sv\\\/integritetspolicy\\\/\"]}]},{\"@type\":\"BreadcrumbList\",\"@id\":\"https:\\\/\\\/enkel.fi\\\/sv\\\/integritetspolicy\\\/#breadcrumb\",\"itemListElement\":[{\"@type\":\"ListItem\",\"position\":1,\"name\":\"Home\",\"item\":\"https:\\\/\\\/enkel.fi\\\/sv\\\/\"},{\"@type\":\"ListItem\",\"position\":2,\"name\":\"Integritetspolicy\"}]},{\"@type\":\"WebSite\",\"@id\":\"https:\\\/\\\/enkel.fi\\\/sv\\\/#website\",\"url\":\"https:\\\/\\\/enkel.fi\\\/sv\\\/\",\"name\":\"Enkel\",\"description\":\"\",\"publisher\":{\"@id\":\"https:\\\/\\\/enkel.fi\\\/sv\\\/#organization\"},\"potentialAction\":[{\"@type\":\"SearchAction\",\"target\":{\"@type\":\"EntryPoint\",\"urlTemplate\":\"https:\\\/\\\/enkel.fi\\\/sv\\\/?s={search_term_string}\"},\"query-input\":{\"@type\":\"PropertyValueSpecification\",\"valueRequired\":true,\"valueName\":\"search_term_string\"}}],\"inLanguage\":\"sv-SE\"},{\"@type\":\"Organization\",\"@id\":\"https:\\\/\\\/enkel.fi\\\/sv\\\/#organization\",\"name\":\"Enkel\",\"url\":\"https:\\\/\\\/enkel.fi\\\/sv\\\/\",\"logo\":{\"@type\":\"ImageObject\",\"inLanguage\":\"sv-SE\",\"@id\":\"https:\\\/\\\/enkel.fi\\\/sv\\\/#\\\/schema\\\/logo\\\/image\\\/\",\"url\":\"https:\\\/\\\/enkel.fi\\\/wp-content\\\/uploads\\\/2025\\\/06\\\/Enkel-logo-gul_Rityta-1-5-scaled.png\",\"contentUrl\":\"https:\\\/\\\/enkel.fi\\\/wp-content\\\/uploads\\\/2025\\\/06\\\/Enkel-logo-gul_Rityta-1-5-scaled.png\",\"width\":2560,\"height\":865,\"caption\":\"Enkel\"},\"image\":{\"@id\":\"https:\\\/\\\/enkel.fi\\\/sv\\\/#\\\/schema\\\/logo\\\/image\\\/\"}}]}<\/script>\n<!-- \/ Yoast SEO plugin. -->","yoast_head_json":{"title":"Integritetspolicy - Enkel","robots":{"index":"index","follow":"follow","max-snippet":"max-snippet:-1","max-image-preview":"max-image-preview:large","max-video-preview":"max-video-preview:-1"},"canonical":"https:\/\/enkel.fi\/sv\/integritetspolicy\/","og_locale":"sv_SE","og_type":"article","og_title":"Integritetspolicy - Enkel","og_description":"Enkel Ab, Adress K\u00f6pmansgatan 16, 68600 JAKOBSTAD Kaj \u00d6stman, e-post: kaj@enkel.fi, tel. +358 44 9834866 Enkel Ab kundregister Vi samlar in personuppgifter fr\u00e5n anv\u00e4ndare av v\u00e5r webbplats f\u00f6r vissa nedan beskrivna aktiviteter. Genom att anv\u00e4nda v\u00e5r webbplats och l\u00e4mna information via kontaktformul\u00e4ren godk\u00e4nner du v\u00e5r integritetspolicy. Vi anv\u00e4nder cookies f\u00f6r att f\u00f6rb\u00e4ttra din anv\u00e4ndarupplevelse, men...","og_url":"https:\/\/enkel.fi\/sv\/integritetspolicy\/","og_site_name":"Enkel","article_modified_time":"2024-04-25T07:47:40+00:00","twitter_card":"summary_large_image","twitter_misc":{"Ber\u00e4knad l\u00e4stid":"3 minuter"},"schema":{"@context":"https:\/\/schema.org","@graph":[{"@type":"WebPage","@id":"https:\/\/enkel.fi\/sv\/integritetspolicy\/","url":"https:\/\/enkel.fi\/sv\/integritetspolicy\/","name":"Integritetspolicy - Enkel","isPartOf":{"@id":"https:\/\/enkel.fi\/sv\/#website"},"datePublished":"2023-11-20T19:56:37+00:00","dateModified":"2024-04-25T07:47:40+00:00","breadcrumb":{"@id":"https:\/\/enkel.fi\/sv\/integritetspolicy\/#breadcrumb"},"inLanguage":"sv-SE","potentialAction":[{"@type":"ReadAction","target":["https:\/\/enkel.fi\/sv\/integritetspolicy\/"]}]},{"@type":"BreadcrumbList","@id":"https:\/\/enkel.fi\/sv\/integritetspolicy\/#breadcrumb","itemListElement":[{"@type":"ListItem","position":1,"name":"Home","item":"https:\/\/enkel.fi\/sv\/"},{"@type":"ListItem","position":2,"name":"Integritetspolicy"}]},{"@type":"WebSite","@id":"https:\/\/enkel.fi\/sv\/#website","url":"https:\/\/enkel.fi\/sv\/","name":"Enkel","description":"","publisher":{"@id":"https:\/\/enkel.fi\/sv\/#organization"},"potentialAction":[{"@type":"SearchAction","target":{"@type":"EntryPoint","urlTemplate":"https:\/\/enkel.fi\/sv\/?s={search_term_string}"},"query-input":{"@type":"PropertyValueSpecification","valueRequired":true,"valueName":"search_term_string"}}],"inLanguage":"sv-SE"},{"@type":"Organization","@id":"https:\/\/enkel.fi\/sv\/#organization","name":"Enkel","url":"https:\/\/enkel.fi\/sv\/","logo":{"@type":"ImageObject","inLanguage":"sv-SE","@id":"https:\/\/enkel.fi\/sv\/#\/schema\/logo\/image\/","url":"https:\/\/enkel.fi\/wp-content\/uploads\/2025\/06\/Enkel-logo-gul_Rityta-1-5-scaled.png","contentUrl":"https:\/\/enkel.fi\/wp-content\/uploads\/2025\/06\/Enkel-logo-gul_Rityta-1-5-scaled.png","width":2560,"height":865,"caption":"Enkel"},"image":{"@id":"https:\/\/enkel.fi\/sv\/#\/schema\/logo\/image\/"}}]}},"taxonomy_info":[],"featured_image_src_large":false,"author_info":{"display_name":"admin","author_link":"https:\/\/enkel.fi\/sv\/author\/admin\/"},"comment_info":0,"_links":{"self":[{"href":"https:\/\/enkel.fi\/sv\/wp-json\/wp\/v2\/pages\/3843","targetHints":{"allow":["GET"]}}],"collection":[{"href":"https:\/\/enkel.fi\/sv\/wp-json\/wp\/v2\/pages"}],"about":[{"href":"https:\/\/enkel.fi\/sv\/wp-json\/wp\/v2\/types\/page"}],"author":[{"embeddable":true,"href":"https:\/\/enkel.fi\/sv\/wp-json\/wp\/v2\/users\/1"}],"replies":[{"embeddable":true,"href":"https:\/\/enkel.fi\/sv\/wp-json\/wp\/v2\/comments?post=3843"}],"version-history":[{"count":1,"href":"https:\/\/enkel.fi\/sv\/wp-json\/wp\/v2\/pages\/3843\/revisions"}],"predecessor-version":[{"id":4344,"href":"https:\/\/enkel.fi\/sv\/wp-json\/wp\/v2\/pages\/3843\/revisions\/4344"}],"wp:attachment":[{"href":"https:\/\/enkel.fi\/sv\/wp-json\/wp\/v2\/media?parent=3843"}],"curies":[{"name":"wp","href":"https:\/\/api.w.org\/{rel}","templated":true}]}}